{"id":3972,"date":"2021-12-13T22:13:31","date_gmt":"2021-12-13T21:13:31","guid":{"rendered":"https:\/\/framgangsforetaget.se\/?page_id=3972"},"modified":"2021-12-14T00:32:21","modified_gmt":"2021-12-13T23:32:21","slug":"skryt","status":"publish","type":"page","link":"https:\/\/framgangsforetaget.se\/?page_id=3972","title":{"rendered":"Skryt"},"content":{"rendered":"\n<p>NB: L\u00e4gg till en Pdf med info f\u00f6r folk som orkar l\u00e4sa mer. <\/p>\n\n\n\n<figure class=\"wp-block-image size-full is-style-rounded\"><a href=\"https:\/\/media.framgangsforetaget.se\/2021\/12\/YODA.jpg\"><img loading=\"lazy\" decoding=\"async\" width=\"475\" height=\"718\" src=\"https:\/\/media.framgangsforetaget.se\/2021\/12\/YODA.jpg\" alt=\"\" class=\"wp-image-3973\" srcset=\"https:\/\/media.framgangsforetaget.se\/2021\/12\/YODA.jpg 475w, https:\/\/media.framgangsforetaget.se\/2021\/12\/YODA-198x300.jpg 198w\" sizes=\"auto, (max-width: 475px) 100vw, 475px\" \/><\/a><\/figure>\n\n\n\n<p><\/p>\n","protected":false},"excerpt":{"rendered":"<p>NB: L\u00e4gg till en Pdf med info f\u00f6r folk som orkar l\u00e4sa mer.<\/p>\n","protected":false},"author":3,"featured_media":0,"parent":0,"menu_order":10,"comment_status":"closed","ping_status":"closed","template":"","meta":{"footnotes":""},"class_list":["post-3972","page","type-page","status-publish","hentry","nodate","item-wrap"],"_links":{"self":[{"href":"https:\/\/framgangsforetaget.se\/index.php?rest_route=\/wp\/v2\/pages\/3972","targetHints":{"allow":["GET"]}}],"collection":[{"href":"https:\/\/framgangsforetaget.se\/index.php?rest_route=\/wp\/v2\/pages"}],"about":[{"href":"https:\/\/framgangsforetaget.se\/index.php?rest_route=\/wp\/v2\/types\/page"}],"author":[{"embeddable":true,"href":"https:\/\/framgangsforetaget.se\/index.php?rest_route=\/wp\/v2\/users\/3"}],"replies":[{"embeddable":true,"href":"https:\/\/framgangsforetaget.se\/index.php?rest_route=%2Fwp%2Fv2%2Fcomments&post=3972"}],"version-history":[{"count":2,"href":"https:\/\/framgangsforetaget.se\/index.php?rest_route=\/wp\/v2\/pages\/3972\/revisions"}],"predecessor-version":[{"id":3984,"href":"https:\/\/framgangsforetaget.se\/index.php?rest_route=\/wp\/v2\/pages\/3972\/revisions\/3984"}],"wp:attachment":[{"href":"https:\/\/framgangsforetaget.se\/index.php?rest_route=%2Fwp%2Fv2%2Fmedia&parent=3972"}],"curies":[{"name":"wp","href":"https:\/\/api.w.org\/{rel}","templated":true}]}}