{"id":2900,"date":"2018-04-06T12:38:41","date_gmt":"2018-04-06T10:38:41","guid":{"rendered":"http:\/\/framgangsforetaget.se\/?page_id=2900"},"modified":"2022-06-12T15:09:13","modified_gmt":"2022-06-12T13:09:13","slug":"las-inte","status":"publish","type":"page","link":"https:\/\/framgangsforetaget.se\/?page_id=2900","title":{"rendered":"L\u00e4s Inte"},"content":{"rendered":"<p>Om du l\u00e4ste detta \u00e4r du nyfiken. Det \u00e4r en h\u00e4rlig egenskap. Forts\u00e4tt med det<\/p>\n<p>\u00a0<\/p>\n\n\n<figure class=\"wp-block-gallery columns-1 is-cropped wp-block-gallery-1 is-layout-flex wp-block-gallery-is-layout-flex\"><ul class=\"blocks-gallery-grid\"><li class=\"blocks-gallery-item\"><figure><a href=\"https:\/\/media.framgangsforetaget.se\/2022\/06\/1-GAST-I-FJORD.jpg\"><img loading=\"lazy\" decoding=\"async\" width=\"960\" height=\"960\" src=\"https:\/\/media.framgangsforetaget.se\/2022\/06\/1-GAST-I-FJORD.jpg\" alt=\"\" data-id=\"3995\" data-full-url=\"https:\/\/media.framgangsforetaget.se\/2022\/06\/1-GAST-I-FJORD.jpg\" data-link=\"https:\/\/framgangsforetaget.se\/?attachment_id=3995\" class=\"wp-image-3995\" srcset=\"https:\/\/media.framgangsforetaget.se\/2022\/06\/1-GAST-I-FJORD.jpg 960w, https:\/\/media.framgangsforetaget.se\/2022\/06\/1-GAST-I-FJORD-300x300.jpg 300w, https:\/\/media.framgangsforetaget.se\/2022\/06\/1-GAST-I-FJORD-150x150.jpg 150w, https:\/\/media.framgangsforetaget.se\/2022\/06\/1-GAST-I-FJORD-768x768.jpg 768w, https:\/\/media.framgangsforetaget.se\/2022\/06\/1-GAST-I-FJORD-750x750.jpg 750w\" sizes=\"auto, (max-width: 960px) 100vw, 960px\" \/><\/a><\/figure><\/li><\/ul><\/figure>\n","protected":false},"excerpt":{"rendered":"<p>Om du l\u00e4ste detta \u00e4r du nyfiken. Det \u00e4r en h\u00e4rlig egenskap. Forts\u00e4tt med det \u00a0<\/p>\n","protected":false},"author":3,"featured_media":0,"parent":0,"menu_order":9,"comment_status":"closed","ping_status":"closed","template":"","meta":{"footnotes":""},"class_list":["post-2900","page","type-page","status-publish","hentry","nodate","item-wrap"],"_links":{"self":[{"href":"https:\/\/framgangsforetaget.se\/index.php?rest_route=\/wp\/v2\/pages\/2900","targetHints":{"allow":["GET"]}}],"collection":[{"href":"https:\/\/framgangsforetaget.se\/index.php?rest_route=\/wp\/v2\/pages"}],"about":[{"href":"https:\/\/framgangsforetaget.se\/index.php?rest_route=\/wp\/v2\/types\/page"}],"author":[{"embeddable":true,"href":"https:\/\/framgangsforetaget.se\/index.php?rest_route=\/wp\/v2\/users\/3"}],"replies":[{"embeddable":true,"href":"https:\/\/framgangsforetaget.se\/index.php?rest_route=%2Fwp%2Fv2%2Fcomments&post=2900"}],"version-history":[{"count":4,"href":"https:\/\/framgangsforetaget.se\/index.php?rest_route=\/wp\/v2\/pages\/2900\/revisions"}],"predecessor-version":[{"id":3996,"href":"https:\/\/framgangsforetaget.se\/index.php?rest_route=\/wp\/v2\/pages\/2900\/revisions\/3996"}],"wp:attachment":[{"href":"https:\/\/framgangsforetaget.se\/index.php?rest_route=%2Fwp%2Fv2%2Fmedia&parent=2900"}],"curies":[{"name":"wp","href":"https:\/\/api.w.org\/{rel}","templated":true}]}}