{"id":2720,"date":"2017-08-05T01:27:07","date_gmt":"2017-08-04T23:27:07","guid":{"rendered":"http:\/\/framgangsforetaget.se\/?page_id=2720"},"modified":"2021-12-14T00:24:35","modified_gmt":"2021-12-13T23:24:35","slug":"saljesideer","status":"publish","type":"page","link":"https:\/\/framgangsforetaget.se\/?page_id=2720","title":{"rendered":"S\u00e4ljes: Id\u00e9er"},"content":{"rendered":"<p>Vi s\u00e4ljer id\u00e9er. Rakt \u00f6ver disk. Punkt<\/p>\n<p>Sedan en tid tillbaka s\u00e4ljer jag och kumpanen Marcus f\u00f6rslag och id\u00e9er till f\u00f6retag och organisationer. Nu vet jag att det \u00e4r f\u00e5 som bryr sig om Bonoism och Riktat T\u00e4nkande eller TOT eller andra kreativa metoder som leder till l\u00f6nsamhet.&nbsp;Vi har hj\u00e4lpt b\u00e5de multinationella f\u00f6reta och den lilla individen till b\u00e4ttre ROI via Id\u00e9generering och det uttjatade ordet kreativt f\u00f6rh\u00e5llningss\u00e4tt.<\/p>\n<p>Om ni har sj\u00e4lvinsikt fast saknar nyt\u00e4nkande s\u00e5 kan vi hj\u00e4lpa till. PM f\u00f6r mer info som det s\u00e5 popul\u00e4rt heter.<\/p>\n<p><\/p>\n\n\n<figure class=\"wp-block-image size-full is-style-rounded\"><a href=\"http:\/\/media.framgangsforetaget.se\/2014\/08\/BittraBritta.jpg\"><img loading=\"lazy\" decoding=\"async\" width=\"934\" height=\"622\" src=\"https:\/\/media.framgangsforetaget.se\/2014\/08\/BittraBritta.jpg\" alt=\"\" class=\"wp-image-2371\" srcset=\"https:\/\/media.framgangsforetaget.se\/2014\/08\/BittraBritta.jpg 934w, https:\/\/media.framgangsforetaget.se\/2014\/08\/BittraBritta-300x199.jpg 300w\" sizes=\"auto, (max-width: 934px) 100vw, 934px\" \/><\/a><\/figure>\n","protected":false},"excerpt":{"rendered":"<p>Vi s\u00e4ljer id\u00e9er. Rakt \u00f6ver disk. Punkt Sedan en tid tillbaka s\u00e4ljer jag och kumpanen Marcus f\u00f6rslag och id\u00e9er till f\u00f6retag och organisationer. Nu vet jag att det \u00e4r f\u00e5 som bryr sig om Bonoism och Riktat T\u00e4nkande eller TOT eller andra kreativa metoder som leder till l\u00f6nsamhet.&nbsp;Vi har hj\u00e4lpt b\u00e5de multinationella f\u00f6reta och den &hellip; <\/p>\n<p><a class=\"more-link btn\" href=\"https:\/\/framgangsforetaget.se\/?page_id=2720\">Forts\u00e4tt l\u00e4sa<\/a><\/p>\n","protected":false},"author":3,"featured_media":3258,"parent":0,"menu_order":3,"comment_status":"closed","ping_status":"closed","template":"","meta":{"footnotes":""},"class_list":["post-2720","page","type-page","status-publish","has-post-thumbnail","hentry","nodate","item-wrap"],"_links":{"self":[{"href":"https:\/\/framgangsforetaget.se\/index.php?rest_route=\/wp\/v2\/pages\/2720","targetHints":{"allow":["GET"]}}],"collection":[{"href":"https:\/\/framgangsforetaget.se\/index.php?rest_route=\/wp\/v2\/pages"}],"about":[{"href":"https:\/\/framgangsforetaget.se\/index.php?rest_route=\/wp\/v2\/types\/page"}],"author":[{"embeddable":true,"href":"https:\/\/framgangsforetaget.se\/index.php?rest_route=\/wp\/v2\/users\/3"}],"replies":[{"embeddable":true,"href":"https:\/\/framgangsforetaget.se\/index.php?rest_route=%2Fwp%2Fv2%2Fcomments&post=2720"}],"version-history":[{"count":15,"href":"https:\/\/framgangsforetaget.se\/index.php?rest_route=\/wp\/v2\/pages\/2720\/revisions"}],"predecessor-version":[{"id":3979,"href":"https:\/\/framgangsforetaget.se\/index.php?rest_route=\/wp\/v2\/pages\/2720\/revisions\/3979"}],"wp:featuredmedia":[{"embeddable":true,"href":"https:\/\/framgangsforetaget.se\/index.php?rest_route=\/wp\/v2\/media\/3258"}],"wp:attachment":[{"href":"https:\/\/framgangsforetaget.se\/index.php?rest_route=%2Fwp%2Fv2%2Fmedia&parent=2720"}],"curies":[{"name":"wp","href":"https:\/\/api.w.org\/{rel}","templated":true}]}}