{"id":1777,"date":"2017-08-03T03:11:55","date_gmt":"2017-08-03T01:11:55","guid":{"rendered":"http:\/\/framgangsforetaget.se\/?page_id=1777"},"modified":"2021-12-13T22:01:33","modified_gmt":"2021-12-13T21:01:33","slug":"kontakt-2","status":"publish","type":"page","link":"https:\/\/framgangsforetaget.se\/?page_id=1777","title":{"rendered":"Kontakt"},"content":{"rendered":"<ul>\n<li>Framg\u00e5ngsf\u00f6retaget AB Org No 556958-5085<\/li>\n<li>Mattias Andersson R\u00e5dhusesplanaden 1B 90326 UME\u00c5<\/li>\n<li>mattias@framgangsforetaget.se 070-2848539<\/li>\n<\/ul>\n<p><a href=\"http:\/\/media.framgangsforetaget.se\/2017\/08\/cropped-Mattias-Andersson1.jpeg\"><img loading=\"lazy\" decoding=\"async\" class=\"alignleft size-full wp-image-2711\" src=\"http:\/\/media.framgangsforetaget.se\/2017\/08\/cropped-Mattias-Andersson1.jpeg\" alt=\"Mattias Andersson\" width=\"960\" height=\"198\" srcset=\"https:\/\/media.framgangsforetaget.se\/2017\/08\/cropped-Mattias-Andersson1.jpeg 960w, https:\/\/media.framgangsforetaget.se\/2017\/08\/cropped-Mattias-Andersson1-300x61.jpeg 300w\" sizes=\"auto, (max-width: 960px) 100vw, 960px\" \/><\/a><\/p>\n","protected":false},"excerpt":{"rendered":"<p>Framg\u00e5ngsf\u00f6retaget AB Org No 556958-5085 Mattias Andersson R\u00e5dhusesplanaden 1B 90326 UME\u00c5 mattias@framgangsforetaget.se 070-2848539<\/p>\n","protected":false},"author":3,"featured_media":0,"parent":37,"menu_order":2,"comment_status":"closed","ping_status":"closed","template":"","meta":{"footnotes":""},"class_list":["post-1777","page","type-page","status-publish","hentry","nodate","item-wrap"],"_links":{"self":[{"href":"https:\/\/framgangsforetaget.se\/index.php?rest_route=\/wp\/v2\/pages\/1777","targetHints":{"allow":["GET"]}}],"collection":[{"href":"https:\/\/framgangsforetaget.se\/index.php?rest_route=\/wp\/v2\/pages"}],"about":[{"href":"https:\/\/framgangsforetaget.se\/index.php?rest_route=\/wp\/v2\/types\/page"}],"author":[{"embeddable":true,"href":"https:\/\/framgangsforetaget.se\/index.php?rest_route=\/wp\/v2\/users\/3"}],"replies":[{"embeddable":true,"href":"https:\/\/framgangsforetaget.se\/index.php?rest_route=%2Fwp%2Fv2%2Fcomments&post=1777"}],"version-history":[{"count":14,"href":"https:\/\/framgangsforetaget.se\/index.php?rest_route=\/wp\/v2\/pages\/1777\/revisions"}],"predecessor-version":[{"id":3775,"href":"https:\/\/framgangsforetaget.se\/index.php?rest_route=\/wp\/v2\/pages\/1777\/revisions\/3775"}],"up":[{"embeddable":true,"href":"https:\/\/framgangsforetaget.se\/index.php?rest_route=\/wp\/v2\/pages\/37"}],"wp:attachment":[{"href":"https:\/\/framgangsforetaget.se\/index.php?rest_route=%2Fwp%2Fv2%2Fmedia&parent=1777"}],"curies":[{"name":"wp","href":"https:\/\/api.w.org\/{rel}","templated":true}]}}