{"id":1703,"date":"2017-08-30T21:18:09","date_gmt":"2017-08-30T19:18:09","guid":{"rendered":"http:\/\/framgangsforetaget.se\/?page_id=1703"},"modified":"2022-06-12T16:47:00","modified_gmt":"2022-06-12T14:47:00","slug":"framgangsforetaget","status":"publish","type":"page","link":"https:\/\/framgangsforetaget.se\/?page_id=1703","title":{"rendered":"FRAMG\u00c5NGSF\u00d6RETAGET AB"},"content":{"rendered":"<p>Sedan n\u00e5gra \u00e5r tillbaka driver jag FRAMG\u00c5NGSF\u00d6RETAGET AB Org Nummer&nbsp;556958-5085.<\/p>\n<p>Jag \u00e4gnar mig \u00e5t s\u00e5dan som \u00e4r roligt och l\u00f6nsamt. Min aff\u00e4rsid\u00e9 \u00e4r att vara effektivt om dagen och sova gott om natten. Verksamheten vilar p\u00e5 n\u00e5gra utvalda ben och f\u00f6r 2022 \u00e4r budgeterad oms\u00e4ttning 1.2 miljoner med en vinstmarginal p\u00e5 38.7 %. Fr\u00e4mst \u00e4r det guideuppdrag samt uthyrning av bost\u00e4der. L\u00e4gg till det f\u00f6rs\u00e4ljning av bland annat fingerdockor och sj\u00e4lvpublicerade produkter och b\u00f6cker. Ut\u00f6ver det ett par skrivuppdrag och n\u00e5gra marknader s\u00e5 \u00e4r vi mitt i stormens \u00f6ga. Sj\u00e4lv fascineras jag av passiva inkomster och att styra \u00f6ver den egna tiden. Jobb \u00e4r sekund\u00e4rt i min v\u00e4rld. Har ni roliga id\u00e9er och f\u00f6rslag p\u00e5 n\u00e5got d\u00e4r mina erfarenheter och drivkraft passar d\u00e5 ser jag fram emot en gedigen kontakt.<\/p>\n<p>Mattias Andersson<\/p>\n\n\n<figure class=\"wp-block-image size-large\"><a href=\"https:\/\/media.framgangsforetaget.se\/2022\/06\/1-JAG-I-TROLLFJORD.jpg\"><img loading=\"lazy\" decoding=\"async\" width=\"1024\" height=\"768\" src=\"https:\/\/media.framgangsforetaget.se\/2022\/06\/1-JAG-I-TROLLFJORD-1024x768.jpg\" alt=\"\" class=\"wp-image-3989\" srcset=\"https:\/\/media.framgangsforetaget.se\/2022\/06\/1-JAG-I-TROLLFJORD-1024x768.jpg 1024w, https:\/\/media.framgangsforetaget.se\/2022\/06\/1-JAG-I-TROLLFJORD-300x225.jpg 300w, https:\/\/media.framgangsforetaget.se\/2022\/06\/1-JAG-I-TROLLFJORD-768x576.jpg 768w, https:\/\/media.framgangsforetaget.se\/2022\/06\/1-JAG-I-TROLLFJORD-1536x1152.jpg 1536w, https:\/\/media.framgangsforetaget.se\/2022\/06\/1-JAG-I-TROLLFJORD-750x563.jpg 750w, https:\/\/media.framgangsforetaget.se\/2022\/06\/1-JAG-I-TROLLFJORD.jpg 2048w\" sizes=\"auto, (max-width: 1024px) 100vw, 1024px\" \/><\/a><\/figure>\n","protected":false},"excerpt":{"rendered":"<p>Sedan n\u00e5gra \u00e5r tillbaka driver jag FRAMG\u00c5NGSF\u00d6RETAGET AB Org Nummer&nbsp;556958-5085. Jag \u00e4gnar mig \u00e5t s\u00e5dan som \u00e4r roligt och l\u00f6nsamt. Min aff\u00e4rsid\u00e9 \u00e4r att vara effektivt om dagen och sova gott om natten. Verksamheten vilar p\u00e5 n\u00e5gra utvalda ben och f\u00f6r 2022 \u00e4r budgeterad oms\u00e4ttning 1.2 miljoner med en vinstmarginal p\u00e5 38.7 %. Fr\u00e4mst \u00e4r &hellip; <\/p>\n<p><a class=\"more-link btn\" href=\"https:\/\/framgangsforetaget.se\/?page_id=1703\">Forts\u00e4tt l\u00e4sa<\/a><\/p>\n","protected":false},"author":3,"featured_media":0,"parent":0,"menu_order":2,"comment_status":"closed","ping_status":"closed","template":"","meta":{"footnotes":""},"class_list":["post-1703","page","type-page","status-publish","hentry","nodate","item-wrap"],"_links":{"self":[{"href":"https:\/\/framgangsforetaget.se\/index.php?rest_route=\/wp\/v2\/pages\/1703","targetHints":{"allow":["GET"]}}],"collection":[{"href":"https:\/\/framgangsforetaget.se\/index.php?rest_route=\/wp\/v2\/pages"}],"about":[{"href":"https:\/\/framgangsforetaget.se\/index.php?rest_route=\/wp\/v2\/types\/page"}],"author":[{"embeddable":true,"href":"https:\/\/framgangsforetaget.se\/index.php?rest_route=\/wp\/v2\/users\/3"}],"replies":[{"embeddable":true,"href":"https:\/\/framgangsforetaget.se\/index.php?rest_route=%2Fwp%2Fv2%2Fcomments&post=1703"}],"version-history":[{"count":30,"href":"https:\/\/framgangsforetaget.se\/index.php?rest_route=\/wp\/v2\/pages\/1703\/revisions"}],"predecessor-version":[{"id":3997,"href":"https:\/\/framgangsforetaget.se\/index.php?rest_route=\/wp\/v2\/pages\/1703\/revisions\/3997"}],"wp:attachment":[{"href":"https:\/\/framgangsforetaget.se\/index.php?rest_route=%2Fwp%2Fv2%2Fmedia&parent=1703"}],"curies":[{"name":"wp","href":"https:\/\/api.w.org\/{rel}","templated":true}]}}